{"id":25,"date":"2023-11-05T13:37:21","date_gmt":"2023-11-05T13:37:21","guid":{"rendered":"https:\/\/www.aldonazawada.com\/?page_id=25"},"modified":"2023-11-08T20:01:37","modified_gmt":"2023-11-08T20:01:37","slug":"blog","status":"publish","type":"page","link":"https:\/\/www.aldonazawada.com\/index.php\/blog\/","title":{"rendered":"O mnie"},"content":{"rendered":"\n<p><\/p>\n\n\n\n<div class=\"wp-block-media-text is-stacked-on-mobile\" style=\"grid-template-columns:54% auto\"><figure class=\"wp-block-media-text__media\"><img loading=\"lazy\" decoding=\"async\" width=\"1024\" height=\"768\" src=\"https:\/\/www.aldonazawada.com\/wp-content\/uploads\/2023\/11\/A40200C6-D61F-4F98-BD54-5BA0D447F5A7-1-1024x768.jpg\" alt=\"\" class=\"wp-image-266 size-full\" srcset=\"https:\/\/www.aldonazawada.com\/wp-content\/uploads\/2023\/11\/A40200C6-D61F-4F98-BD54-5BA0D447F5A7-1-1024x768.jpg 1024w, https:\/\/www.aldonazawada.com\/wp-content\/uploads\/2023\/11\/A40200C6-D61F-4F98-BD54-5BA0D447F5A7-1-300x225.jpg 300w, https:\/\/www.aldonazawada.com\/wp-content\/uploads\/2023\/11\/A40200C6-D61F-4F98-BD54-5BA0D447F5A7-1-768x576.jpg 768w, https:\/\/www.aldonazawada.com\/wp-content\/uploads\/2023\/11\/A40200C6-D61F-4F98-BD54-5BA0D447F5A7-1-1536x1152.jpg 1536w, https:\/\/www.aldonazawada.com\/wp-content\/uploads\/2023\/11\/A40200C6-D61F-4F98-BD54-5BA0D447F5A7-1-2048x1536.jpg 2048w, https:\/\/www.aldonazawada.com\/wp-content\/uploads\/2023\/11\/A40200C6-D61F-4F98-BD54-5BA0D447F5A7-1-80x60.jpg 80w, https:\/\/www.aldonazawada.com\/wp-content\/uploads\/2023\/11\/A40200C6-D61F-4F98-BD54-5BA0D447F5A7-1-600x450.jpg 600w\" sizes=\"auto, (max-width: 1024px) 100vw, 1024px\" \/><\/figure><div class=\"wp-block-media-text__content\">\n<p>Vlogerka podr\u00f3\u017cnicza przemierzaj\u0105ca Turcj\u0119 solo.&nbsp;<\/p>\n\n\n\n<p><\/p>\n\n\n\n<p>W grudniu 2020 roku, w wieku 35 lat otrzyma\u0142a diagnoz\u0119 raka trzonu macicy. W styczniu 2021 przesz\u0142a histerektomi\u0119. Latem polecia\u0142a paralotni\u0105 nad tureck\u0105 lagun\u0105, a 2022 wspina\u0142a si\u0119 ju\u017c na g\u00f3rze Ararat na pograniczu Turcji, Iranu i Armenii.&nbsp;<\/p>\n\n\n\n<p><\/p>\n<\/div><\/div>\n\n\n\n<p><\/p>\n\n\n\n<p>Za osobist\u0105 walk\u0119 ze zjawiskiem cyberprzemocy zosta\u0142a wyr\u00f3\u017cniona tytu\u0142em jednej z \u201e50 \u015bmia\u0142ych\u201d w rankingu Wysokich Obcas\u00f3w 2020 roku. Autorka cyklu felieton\u00f3w \u201eHer Love Territory\u201d publikowanego na platformie&nbsp;<a href=\"http:\/\/anywhere.pl\/\" target=\"_blank\" rel=\"noreferrer noopener\">Anywhere.pl<\/a>. O drodze od diagnozy do ponownego zdefiniowania si\u0119 w swojej kobieco\u015bci pisa\u0142a dla portalu Ofeminin.&nbsp;<\/p>\n\n\n\n<p><\/p>\n\n\n\n<figure class=\"wp-block-image size-large\"><img loading=\"lazy\" decoding=\"async\" width=\"1024\" height=\"768\" src=\"https:\/\/www.aldonazawada.com\/wp-content\/uploads\/2023\/11\/1562BD7A-177D-484F-8A03-1F9BA9D382A5_L0_001-27.06.2023-22_24_32-1024x768.jpg\" alt=\"\" class=\"wp-image-261\" srcset=\"https:\/\/www.aldonazawada.com\/wp-content\/uploads\/2023\/11\/1562BD7A-177D-484F-8A03-1F9BA9D382A5_L0_001-27.06.2023-22_24_32-1024x768.jpg 1024w, https:\/\/www.aldonazawada.com\/wp-content\/uploads\/2023\/11\/1562BD7A-177D-484F-8A03-1F9BA9D382A5_L0_001-27.06.2023-22_24_32-300x225.jpg 300w, https:\/\/www.aldonazawada.com\/wp-content\/uploads\/2023\/11\/1562BD7A-177D-484F-8A03-1F9BA9D382A5_L0_001-27.06.2023-22_24_32-768x576.jpg 768w, https:\/\/www.aldonazawada.com\/wp-content\/uploads\/2023\/11\/1562BD7A-177D-484F-8A03-1F9BA9D382A5_L0_001-27.06.2023-22_24_32-1536x1152.jpg 1536w, https:\/\/www.aldonazawada.com\/wp-content\/uploads\/2023\/11\/1562BD7A-177D-484F-8A03-1F9BA9D382A5_L0_001-27.06.2023-22_24_32-2048x1536.jpg 2048w, https:\/\/www.aldonazawada.com\/wp-content\/uploads\/2023\/11\/1562BD7A-177D-484F-8A03-1F9BA9D382A5_L0_001-27.06.2023-22_24_32-80x60.jpg 80w, https:\/\/www.aldonazawada.com\/wp-content\/uploads\/2023\/11\/1562BD7A-177D-484F-8A03-1F9BA9D382A5_L0_001-27.06.2023-22_24_32-600x450.jpg 600w\" sizes=\"auto, (max-width: 1024px) 100vw, 1024px\" \/><\/figure>\n\n\n\n<figure class=\"wp-block-pullquote\"><blockquote><p>Gotowi na niepowtarzalne tu i teraz z ciekaw\u0105 \u015bwiata i ludzi Aldon\u0105? W zasadzie Ad\u0105 &#8211; tak zwracali si\u0119 do mnie rodzice i bliscy od dzieci\u0144stwa. Kiedy dwadzie\u015bcia cztery lata temu przeprowadzi\u0142am si\u0119 do Turcji moje imi\u0119 nabra\u0142o g\u0142\u0119bszego sensu. Okaza\u0142o si\u0119, \u017ce w lokalnym j\u0119zyku jestem wysp\u0105. Poka\u017c\u0119 Wam Turcj\u0119, kt\u00f3ra uwodzi, rozkochuje, bawi, parali\u017cuje, zachwyca, prowokuje do my\u015blenia, boli i p\u0142acze. Turcj\u0119, w kt\u00f3rej pobieram nauki mistrzowskiego zachwytu nad ulotn\u0105 codzienno\u015bci\u0105. Turcj\u0119 wielu historii, wp\u0142yw\u00f3w, narod\u00f3w, wyzna\u0144, kt\u00f3ra hipnotyzuje aromatycznym kadzid\u0142em przesz\u0142o\u015bci. Przede wszystkim Turcj\u0119 serca, gdzie wszystko staje si\u0119 jasne. Poznajcie bohater\u00f3w tej podr\u00f3\u017cy i dajcie si\u0119 im poprowadzi\u0107 przez ziemie Anatolii i krainy czterech m\u00f3rz. Pos\u0142uchajcie narrator\u00f3w z kraju wschodz\u0105cego s\u0142o\u0144ca.<\/p><\/blockquote><\/figure>\n","protected":false},"excerpt":{"rendered":"<p>Vlogerka podr\u00f3\u017cnicza przemierzaj\u0105ca Turcj\u0119 solo.&nbsp; W grudniu 2020 roku, w wieku 35 lat otrzyma\u0142a diagnoz\u0119 raka trzonu macicy. W styczniu 2021 przesz\u0142a histerektomi\u0119. Latem polecia\u0142a paralotni\u0105 nad tureck\u0105 lagun\u0105, a 2022 wspina\u0142a si\u0119 ju\u017c na g\u00f3rze Ararat na pograniczu Turcji, Iranu i Armenii.&nbsp; Za osobist\u0105 walk\u0119 ze zjawiskiem cyberprzemocy zosta\u0142a wyr\u00f3\u017cniona tytu\u0142em jednej z \u201e50 &hellip; <\/p>\n","protected":false},"author":1,"featured_media":0,"parent":0,"menu_order":0,"comment_status":"closed","ping_status":"closed","template":"","meta":{"_monsterinsights_skip_tracking":false,"_monsterinsights_sitenote_active":false,"_monsterinsights_sitenote_note":"","_monsterinsights_sitenote_category":0,"footnotes":""},"class_list":["post-25","page","type-page","status-publish","hentry"],"aioseo_notices":[],"_links":{"self":[{"href":"https:\/\/www.aldonazawada.com\/index.php\/wp-json\/wp\/v2\/pages\/25","targetHints":{"allow":["GET"]}}],"collection":[{"href":"https:\/\/www.aldonazawada.com\/index.php\/wp-json\/wp\/v2\/pages"}],"about":[{"href":"https:\/\/www.aldonazawada.com\/index.php\/wp-json\/wp\/v2\/types\/page"}],"author":[{"embeddable":true,"href":"https:\/\/www.aldonazawada.com\/index.php\/wp-json\/wp\/v2\/users\/1"}],"replies":[{"embeddable":true,"href":"https:\/\/www.aldonazawada.com\/index.php\/wp-json\/wp\/v2\/comments?post=25"}],"version-history":[{"count":16,"href":"https:\/\/www.aldonazawada.com\/index.php\/wp-json\/wp\/v2\/pages\/25\/revisions"}],"predecessor-version":[{"id":276,"href":"https:\/\/www.aldonazawada.com\/index.php\/wp-json\/wp\/v2\/pages\/25\/revisions\/276"}],"wp:attachment":[{"href":"https:\/\/www.aldonazawada.com\/index.php\/wp-json\/wp\/v2\/media?parent=25"}],"curies":[{"name":"wp","href":"https:\/\/api.w.org\/{rel}","templated":true}]}}